{"id":540,"date":"2017-02-28T11:24:18","date_gmt":"2017-02-28T10:24:18","guid":{"rendered":"http:\/\/188.166.92.234\/siccal\/tractament-daigues\/per-eliminar-la-calc\/"},"modified":"2024-06-12T09:02:32","modified_gmt":"2024-06-12T08:02:32","slug":"per-eliminar-la-calc","status":"publish","type":"page","link":"https:\/\/www.siccal.es\/fr\/tractament-daigues\/per-eliminar-la-calc\/","title":{"rendered":"Pour \u00e9liminer la chaux"},"content":{"rendered":"<p>[et_pb_section fb_built=\u00a0\u00bb1&Prime; admin_label=\u00a0\u00bbsection\u00a0\u00bb _builder_version=\u00a0\u00bb4.16&Prime; transparent_background=\u00a0\u00bboff\u00a0\u00bb make_fullwidth=\u00a0\u00bboff\u00a0\u00bb use_custom_width=\u00a0\u00bboff\u00a0\u00bb width_unit=\u00a0\u00bboff\u00a0\u00bb custom_width_px=\u00a0\u00bb1080px\u00a0\u00bb custom_width_percent=\u00a0\u00bb80%\u00a0\u00bb global_colors_info=\u00a0\u00bb{}\u00a0\u00bb][et_pb_row admin_label=\u00a0\u00bbrow\u00a0\u00bb _builder_version=\u00a0\u00bb4.16&Prime; background_size=\u00a0\u00bbinitial\u00a0\u00bb background_position=\u00a0\u00bbtop_left\u00a0\u00bb background_repeat=\u00a0\u00bbrepeat\u00a0\u00bb make_fullwidth=\u00a0\u00bboff\u00a0\u00bb use_custom_width=\u00a0\u00bboff\u00a0\u00bb width_unit=\u00a0\u00bboff\u00a0\u00bb custom_width_px=\u00a0\u00bb1080px\u00a0\u00bb custom_width_percent=\u00a0\u00bb80%\u00a0\u00bb global_colors_info=\u00a0\u00bb{}\u00a0\u00bb][et_pb_column type=\u00a0\u00bb4_4&Prime; _builder_version=\u00a0\u00bb4.16&Prime; custom_padding=\u00a0\u00bb|||\u00a0\u00bb global_colors_info=\u00a0\u00bb{}\u00a0\u00bb custom_padding__hover=\u00a0\u00bb|||\u00a0\u00bb][et_pb_post_title meta=\u00a0\u00bboff\u00a0\u00bb featured_image=\u00a0\u00bboff\u00a0\u00bb admin_label=\u00a0\u00bbPost Title\u00a0\u00bb _builder_version=\u00a0\u00bb4.16&Prime; title_font_size=\u00a0\u00bb32px\u00a0\u00bb parallax=\u00a0\u00bbon\u00a0\u00bb parallax_method=\u00a0\u00bboff\u00a0\u00bb custom_css_main_element=\u00a0\u00bbborder-bottom:5px solid #748fc4;\u00a0\u00bb custom_css_post_title=\u00a0\u00bbtext-transform:uppercase;\u00a0\u00bb parallax_effect=\u00a0\u00bbon\u00a0\u00bb use_border_color=\u00a0\u00bboff\u00a0\u00bb border_color=\u00a0\u00bb#3d3d3d\u00a0\u00bb border_width=\u00a0\u00bb3px\u00a0\u00bb border_style=\u00a0\u00bbgroove\u00a0\u00bb saved_tabs=\u00a0\u00bball\u00a0\u00bb global_colors_info=\u00a0\u00bb{}\u00a0\u00bb] [\/et_pb_post_title][et_pb_blurb title=\u00a0\u00bb\u00c9limination de la chaux de l&#39;eau sans utiliser du sel ou de la courant \u00e9lectrique.\u00a0\u00bb use_icon=\u00a0\u00bbon\u00a0\u00bb font_icon=\u00a0\u00bb&#xe0dd;||divi||400&Prime; icon_placement=\u00a0\u00bbleft\u00a0\u00bb image_icon_width=\u00a0\u00bb65px\u00a0\u00bb admin_label=\u00a0\u00bbBlurb\u00a0\u00bb _builder_version=\u00a0\u00bb4.16&Prime; header_font=\u00a0\u00bb|on|||\u00a0\u00bb header_font_size=\u00a0\u00bb24px\u00a0\u00bb background_size=\u00a0\u00bbinitial\u00a0\u00bb background_position=\u00a0\u00bbtop_left\u00a0\u00bb background_repeat=\u00a0\u00bbrepeat\u00a0\u00bb custom_padding=\u00a0\u00bb10px||10px|\u00a0\u00bb animation=\u00a0\u00bboff\u00a0\u00bb custom_css_blurb_title=\u00a0\u00bbmargin-top:10px;\u00a0\u00bb use_border_color=\u00a0\u00bboff\u00a0\u00bb border_color=\u00a0\u00bb#ffffff\u00a0\u00bb border_width=\u00a0\u00bb1px\u00a0\u00bb border_style=\u00a0\u00bbsolid\u00a0\u00bb image_max_width=\u00a0\u00bbnone\u00a0\u00bb icon_font_size=\u00a0\u00bb65px\u00a0\u00bb use_circle=\u00a0\u00bboff\u00a0\u00bb use_circle_border=\u00a0\u00bboff\u00a0\u00bb circle_border_color=\u00a0\u00bb#6790c6&Prime; circle_color=\u00a0\u00bb#6790c6&Prime; global_colors_info=\u00a0\u00bb{}\u00a0\u00bb] [\/et_pb_blurb][et_pb_text admin_label=\u00a0\u00bbText\u00a0\u00bb _builder_version=\u00a0\u00bb4.16&Prime; background_size=\u00a0\u00bbinitial\u00a0\u00bb background_position=\u00a0\u00bbtop_left\u00a0\u00bb background_repeat=\u00a0\u00bbrepeat\u00a0\u00bb use_border_color=\u00a0\u00bboff\u00a0\u00bb border_color=\u00a0\u00bb#ffffff\u00a0\u00bb border_style=\u00a0\u00bbsolid\u00a0\u00bb global_colors_info=\u00a0\u00bb{}\u00a0\u00bb]<strong><img loading=\"lazy\" decoding=\"async\" class=\"alignright size-medium wp-image-138\" src=\"..\/..\/wp-content\/uploads\/2017\/02\/filtre_domestic-1-220x300.png\" alt=\"\" width=\"220\" height=\"300\" srcset=\"https:\/\/www.siccal.es\/wp-content\/uploads\/2017\/02\/filtre_domestic-1-220x300.png 220w, https:\/\/www.siccal.es\/wp-content\/uploads\/2017\/02\/filtre_domestic-1.png 349w\" sizes=\"(max-width: 220px) 100vw, 220px\" \/>Les <strong>filtres SICCAL<\/strong> utilisent un maillage de 20 microns, en \u00e9vitant les mat\u00e9riaux plus gros (cailloux, chaux, l\u00e9gumes, etc.). Un piston magn\u00e9tique \u00e0 l&#39;int\u00e9rieur du filtre pi\u00e8ge tous les mat\u00e9riaux lourds transport\u00e9s par l&#39;eau.<\/p>\n<p>Ce traitement ne permet pas d&#39;int\u00e9grer les s\u00e9diments dans les diff\u00e9rentes parties de l&#39;installation de la maison. (tuyaux, robinets, appareils \u00e9lectrom\u00e9nagers ..).<\/p>\n<p>Le traitement physique de l&#39;eau rend SICCAL tr\u00e8s appropri\u00e9, en ne modifiant pas<br \/>\nchimiquement la composition de l&#39;eau. Pour \u00e7a, ne jete pas de l\u00b4eau contamin\u00e9e dans l&#39;\u00e9gout avec des sels ou des r\u00e9sines. Il se termine \u00e9galement par le transfert et le stockage des sacs de sel et leur contribution p\u00e9riodique.<\/p>\n<p>L&#39;installation se fait apr\u00e8s le robinet d&#39;arr\u00eat, de sorte qu&#39;il fournit e l&#39;eau \u00e0 toute la maison.<\/p>\n<p>&nbsp;<\/p>\n<h5><strong>PRINCIPALES CARACT\u00c9RISTIQUES<\/strong><\/h5>\n<ul>\n<li>Filtrer les impuret\u00e9s jusqu&#39;\u00e0 20 microns<\/li>\n<li>Ne pas contaminer<\/li>\n<li>Sans gaspiller de l&#39;eau<\/li>\n<li>Maintenance facile<\/li>\n<\/ul>\n<p>&nbsp;<\/p>\n<h5><strong>OBJECTIFS<\/strong><\/h5>\n<ul>\n<li>AVANTAGES EN MATI\u00c8RE DE SANT\u00c9: la qualit\u00e9 de l&#39;eau est \u00e0 son meilleur<br \/>\net avec des composants min\u00e9raux bons pour la sant\u00e9.<\/li>\n<li>EFFICACIT\u00c9 \u00c9NERG\u00c9TIQUE: Le syst\u00e8me d&#39;installation SICCAL, n\u00b4a pas besoin de connexion \u00e9lectrique comme la plupart des produits similaires sur le march\u00e9.<br \/>\nL&#39;\u00e9limination de la chaux des tuyaux am\u00e9liore la performance des syst\u00e8mes de chauffage, aussi comme les autres appareils.<\/li>\n<li>ECOLOGIQUE: Ne contamine pas, c\u00b4est un produit qui met en valeur la qualit\u00e9 de l&#39;environnement.<\/li>\n<li>\u00c9CONOMIES \u00c9CONOMIQUES: la qualit\u00e9 de l&#39;eau trait\u00e9e supprime la n\u00e9cessit\u00e9 d&#39;acheter de l&#39;eau. Repercute directement dans la vie utile des appareils \u00e9lectrom\u00e9nagers et des machines qui ont besoin de l&#39;eau pour son fonctionnement. Il ne n\u00e9cessite pas l&#39;achat de sel, ce qui \u00e9limine un co\u00fbt mensuel significatif.<\/li>\n<\/ul>\n<p>&nbsp;<\/p>\n<h5><strong>SECTEURS<\/strong><\/h5>\n<ul>\n<li>Consommateur final: utilisateurs priv\u00e9s, familles &#8230;<\/li>\n<li>Sant\u00e9: h\u00f4pitaux, cliniques, dentistes &#8230;<\/li>\n<li>H\u00f4tellerie et restauration: restaurants, caf\u00e9s, h\u00f4tels &#8230;<\/li>\n<li>Autres secteurs: automobile, esth\u00e9tique &#8230;<\/li>\n<\/ul>\n<p>[\/et_pb_text][et_pb_text admin_label=\u00a0\u00bbText\u00a0\u00bb _builder_version=\u00a0\u00bb4.16&Prime; background_size=\u00a0\u00bbinitial\u00a0\u00bb background_position=\u00a0\u00bbtop_left\u00a0\u00bb background_repeat=\u00a0\u00bbrepeat\u00a0\u00bb use_border_color=\u00a0\u00bboff\u00a0\u00bb border_color=\u00a0\u00bb#ffffff\u00a0\u00bb border_style=\u00a0\u00bbsolid\u00a0\u00bb global_colors_info=\u00a0\u00bb{}\u00a0\u00bb]Compl\u00e9mentaire \u00e0 l&#39;installation de l&#39;adoucisseur SICCAL, nous pouvons ajouter un filtre qui \u00e9limine le chlore, les drogues, les m\u00e9dicaments &#8230; qui peuvent contenir l&#39;eau qui atteint votre maison, obtenant ainsi de l&#39;eau pour cuisiner et boire.<br \/>\n[\/et_pb_text][\/et_pb_column][\/et_pb_row][et_pb_row admin_label=\u00a0\u00bbRow\u00a0\u00bb _builder_version=\u00a0\u00bb4.16&Prime; background_size=\u00a0\u00bbinitial\u00a0\u00bb background_position=\u00a0\u00bbtop_left\u00a0\u00bb background_repeat=\u00a0\u00bbrepeat\u00a0\u00bb global_colors_info=\u00a0\u00bb{}\u00a0\u00bb column_structure=\u00a0\u00bb1_3,2_3&Prime;][et_pb_column type=\u00a0\u00bb1_3&Prime; _builder_version=\u00a0\u00bb4.16&Prime; custom_padding=\u00a0\u00bb|||\u00a0\u00bb global_colors_info=\u00a0\u00bb{}\u00a0\u00bb custom_padding__hover=\u00a0\u00bb|||\u00a0\u00bb][et_pb_blurb title=\u00a0\u00bbFiche D\u00e9calcier SICCAL\u00a0\u00bb url=\u00a0\u00bbhttp:\/\/188.166.92.234\/siccal\/wp-content\/uploads\/2017\/02\/FITXA-SICCAL_cal\u00e7.pdf\u00a0\u00bb use_icon=\u00a0\u00bbon\u00a0\u00bb font_icon=\u00a0\u00bb&#xe071;||divi||400&Prime; icon_placement=\u00a0\u00bbleft\u00a0\u00bb admin_label=\u00a0\u00bbBlurb\u00a0\u00bb _builder_version=\u00a0\u00bb4.23.4&Prime; background_size=\u00a0\u00bbinitial\u00a0\u00bb background_position=\u00a0\u00bbtop_left\u00a0\u00bb background_repeat=\u00a0\u00bbrepeat\u00a0\u00bb hover_enabled=\u00a0\u00bb0&Prime; use_border_color=\u00a0\u00bboff\u00a0\u00bb border_color=\u00a0\u00bb#ffffff\u00a0\u00bb border_style=\u00a0\u00bbsolid\u00a0\u00bb image_max_width=\u00a0\u00bbnone\u00a0\u00bb use_circle=\u00a0\u00bboff\u00a0\u00bb use_circle_border=\u00a0\u00bboff\u00a0\u00bb circle_border_color=\u00a0\u00bb#6790c6&Prime; circle_color=\u00a0\u00bb#6790c6&Prime; global_colors_info=\u00a0\u00bb{}\u00a0\u00bb sticky_enabled=\u00a0\u00bb0&Prime;]<\/p>\n<p><a href=\"https:\/\/www.siccal.es\/wp-content\/uploads\/2017\/02\/FITXA-SICCAL_cal\u00e7.pdf\">FICHE SICCAL.pdf <\/a><br \/>Documento Adobe Acrobat [172.2 KB]<\/p>\n<p>[\/et_pb_blurb][\/et_pb_column][et_pb_column type=\u00a0\u00bb2_3&Prime; _builder_version=\u00a0\u00bb4.16&Prime; custom_padding=\u00a0\u00bb|||\u00a0\u00bb global_colors_info=\u00a0\u00bb{}\u00a0\u00bb custom_padding__hover=\u00a0\u00bb|||\u00a0\u00bb][\/et_pb_column][\/et_pb_row][\/et_pb_section]<\/p>\n","protected":false},"excerpt":{"rendered":"<p>Les filtres SICCAL utilisent un maillage de 20 microns, en \u00e9vitant les mat\u00e9riaux plus gros (cailloux, chaux, l\u00e9gumes, etc.). Un piston magn\u00e9tique \u00e0 l&#39;int\u00e9rieur du filtre pi\u00e8ge tous les mat\u00e9riaux lourds transport\u00e9s par l&#39;eau. Ce traitement ne permet pas d&#39;int\u00e9grer les s\u00e9diments dans les diff\u00e9rentes parties de l&#39;installation de la maison. (tuyaux, robinets, appareils \u00e9lectrom\u00e9nagers [&hellip;]<\/p>\n","protected":false},"author":1,"featured_media":0,"parent":516,"menu_order":0,"comment_status":"closed","ping_status":"closed","template":"","meta":{"_et_pb_use_builder":"on","_et_pb_old_content":"","_et_gb_content_width":"","_exactmetrics_skip_tracking":false,"_exactmetrics_sitenote_active":false,"_exactmetrics_sitenote_note":"","_exactmetrics_sitenote_category":0,"footnotes":""},"_links":{"self":[{"href":"https:\/\/www.siccal.es\/fr\/wp-json\/wp\/v2\/pages\/540"}],"collection":[{"href":"https:\/\/www.siccal.es\/fr\/wp-json\/wp\/v2\/pages"}],"about":[{"href":"https:\/\/www.siccal.es\/fr\/wp-json\/wp\/v2\/types\/page"}],"author":[{"embeddable":true,"href":"https:\/\/www.siccal.es\/fr\/wp-json\/wp\/v2\/users\/1"}],"replies":[{"embeddable":true,"href":"https:\/\/www.siccal.es\/fr\/wp-json\/wp\/v2\/comments?post=540"}],"version-history":[{"count":7,"href":"https:\/\/www.siccal.es\/fr\/wp-json\/wp\/v2\/pages\/540\/revisions"}],"predecessor-version":[{"id":1208,"href":"https:\/\/www.siccal.es\/fr\/wp-json\/wp\/v2\/pages\/540\/revisions\/1208"}],"up":[{"embeddable":true,"href":"https:\/\/www.siccal.es\/fr\/wp-json\/wp\/v2\/pages\/516"}],"wp:attachment":[{"href":"https:\/\/www.siccal.es\/fr\/wp-json\/wp\/v2\/media?parent=540"}],"curies":[{"name":"wp","href":"https:\/\/api.w.org\/{rel}","templated":true}]}}