{"id":490,"date":"2017-04-18T07:41:35","date_gmt":"2017-04-18T06:41:35","guid":{"rendered":"http:\/\/188.166.92.234\/siccal\/dutxa-ecologica\/"},"modified":"2020-10-13T09:46:39","modified_gmt":"2020-10-13T08:46:39","slug":"dutxa-ecologica","status":"publish","type":"page","link":"https:\/\/www.siccal.es\/fr\/dutxa-ecologica\/","title":{"rendered":"Douche Ecologique"},"content":{"rendered":"<p>[et_pb_section bb_built=\u00a0\u00bb1&Prime; admin_label=\u00a0\u00bbsection\u00a0\u00bb][et_pb_row admin_label=\u00a0\u00bbrow\u00a0\u00bb background_position=\u00a0\u00bbtop_left\u00a0\u00bb background_repeat=\u00a0\u00bbrepeat\u00a0\u00bb background_size=\u00a0\u00bbinitial\u00a0\u00bb][et_pb_column type=\u00a0\u00bb4_4&Prime;][et_pb_post_title global_module=\u00a0\u00bb169&Prime; saved_tabs=\u00a0\u00bball\u00a0\u00bb title=\u00a0\u00bbon\u00a0\u00bb meta=\u00a0\u00bboff\u00a0\u00bb author=\u00a0\u00bbon\u00a0\u00bb date=\u00a0\u00bbon\u00a0\u00bb categories=\u00a0\u00bbon\u00a0\u00bb comments=\u00a0\u00bbon\u00a0\u00bb featured_image=\u00a0\u00bboff\u00a0\u00bb featured_placement=\u00a0\u00bbbelow\u00a0\u00bb parallax_effect=\u00a0\u00bbon\u00a0\u00bb parallax_method=\u00a0\u00bboff\u00a0\u00bb text_orientation=\u00a0\u00bbleft\u00a0\u00bb text_color=\u00a0\u00bbdark\u00a0\u00bb text_background=\u00a0\u00bboff\u00a0\u00bb text_bg_color=\u00a0\u00bbrgba(255,255,255,0.9)\u00a0\u00bb title_font_size=\u00a0\u00bb32px\u00a0\u00bb use_border_color=\u00a0\u00bboff\u00a0\u00bb border_color=\u00a0\u00bb#3d3d3d\u00a0\u00bb border_width=\u00a0\u00bb3px\u00a0\u00bb border_style=\u00a0\u00bbgroove\u00a0\u00bb custom_css_main_element=\u00a0\u00bbborder-bottom:5px solid #748fc4;\u00a0\u00bb custom_css_post_title=\u00a0\u00bbtext-transform:uppercase;\u00a0\u00bb parallax=\u00a0\u00bbon\u00a0\u00bb]<br \/>\n[\/et_pb_post_title][\/et_pb_column][\/et_pb_row][et_pb_row background_position=\u00a0\u00bbtop_left\u00a0\u00bb background_repeat=\u00a0\u00bbrepeat\u00a0\u00bb background_size=\u00a0\u00bbinitial\u00a0\u00bb][et_pb_column type=\u00a0\u00bb1_4&Prime;][et_pb_image src=\u00a0\u00bbhttps:\/\/www.siccal.es\/wp-content\/uploads\/2017\/02\/dutxa.png\u00a0\u00bb show_in_lightbox=\u00a0\u00bboff\u00a0\u00bb url_new_window=\u00a0\u00bboff\u00a0\u00bb use_overlay=\u00a0\u00bboff\u00a0\u00bb animation=\u00a0\u00bbfade_in\u00a0\u00bb sticky=\u00a0\u00bboff\u00a0\u00bb align=\u00a0\u00bbleft\u00a0\u00bb force_fullwidth=\u00a0\u00bboff\u00a0\u00bb always_center_on_mobile=\u00a0\u00bbon\u00a0\u00bb border_style=\u00a0\u00bbsolid\u00a0\u00bb animation_style=\u00a0\u00bbfade\u00a0\u00bb animation_duration=\u00a0\u00bb500ms\u00a0\u00bb animation_intensity_slide=\u00a0\u00bb10%\u00a0\u00bb _builder_version=\u00a0\u00bb3.0.76&Prime; show_bottom_space=\u00a0\u00bbon\u00a0\u00bb]<br \/>\n[\/et_pb_image][\/et_pb_column][et_pb_column type=\u00a0\u00bb3_4&Prime;][et_pb_text background_layout=\u00a0\u00bblight\u00a0\u00bb text_orientation=\u00a0\u00bbleft\u00a0\u00bb use_border_color=\u00a0\u00bboff\u00a0\u00bb border_color=\u00a0\u00bb#ffffff\u00a0\u00bb border_style=\u00a0\u00bbsolid\u00a0\u00bb module_alignment=\u00a0\u00bbleft\u00a0\u00bb background_position=\u00a0\u00bbtop_left\u00a0\u00bb background_repeat=\u00a0\u00bbrepeat\u00a0\u00bb background_size=\u00a0\u00bbinitial\u00a0\u00bb]<\/p>\n<p>Il fournit de l\u00b4eau pure et saine pour l\u00b4hygi\u00e8ne personelle. Syst\u00e8me facile et adaptable \u00e0 toutes les douches.<\/p>\n<h3>Charbon actif<\/h3>\n<p>\u00cblimine les odeurs, le chlore, l&rsquo;ozone, les m\u00e9taux lourds et les micro-contaminants comme des pesticides et des substances organiques.<\/p>\n<h3>Ionisation<\/h3>\n<p>Un champ magn\u00e9tique qui change la structure mol\u00e9culaire de l&rsquo;eau. \u00c7a casse les grands \u00ab\u00a0clusters\u00a0\u00bb des mol\u00e8cules, en obtenant des petites unit\u00e9s mol\u00e9culaires qui revivifient l\u00b4eau.<\/p>\n<p>&nbsp;<\/p>\n<p>[\/et_pb_text][\/et_pb_column][\/et_pb_row][\/et_pb_section]<\/p>\n","protected":false},"excerpt":{"rendered":"<p>Il fournit de l\u00b4eau pure et saine pour l\u00b4hygi\u00e8ne personelle. Syst\u00e8me facile et adaptable \u00e0 toutes les douches. Charbon actif \u00cblimine les odeurs, le chlore, l&rsquo;ozone, les m\u00e9taux lourds et les micro-contaminants comme des pesticides et des substances organiques. Ionisation Un champ magn\u00e9tique qui change la structure mol\u00e9culaire de l&rsquo;eau. \u00c7a casse les grands \u00ab\u00a0clusters\u00a0\u00bb [&hellip;]<\/p>\n","protected":false},"author":1,"featured_media":0,"parent":0,"menu_order":0,"comment_status":"closed","ping_status":"closed","template":"","meta":{"_et_pb_use_builder":"on","_et_pb_old_content":"","_et_gb_content_width":"","_exactmetrics_skip_tracking":false,"_exactmetrics_sitenote_active":false,"_exactmetrics_sitenote_note":"","_exactmetrics_sitenote_category":0,"footnotes":""},"_links":{"self":[{"href":"https:\/\/www.siccal.es\/fr\/wp-json\/wp\/v2\/pages\/490"}],"collection":[{"href":"https:\/\/www.siccal.es\/fr\/wp-json\/wp\/v2\/pages"}],"about":[{"href":"https:\/\/www.siccal.es\/fr\/wp-json\/wp\/v2\/types\/page"}],"author":[{"embeddable":true,"href":"https:\/\/www.siccal.es\/fr\/wp-json\/wp\/v2\/users\/1"}],"replies":[{"embeddable":true,"href":"https:\/\/www.siccal.es\/fr\/wp-json\/wp\/v2\/comments?post=490"}],"version-history":[{"count":5,"href":"https:\/\/www.siccal.es\/fr\/wp-json\/wp\/v2\/pages\/490\/revisions"}],"predecessor-version":[{"id":976,"href":"https:\/\/www.siccal.es\/fr\/wp-json\/wp\/v2\/pages\/490\/revisions\/976"}],"wp:attachment":[{"href":"https:\/\/www.siccal.es\/fr\/wp-json\/wp\/v2\/media?parent=490"}],"curies":[{"name":"wp","href":"https:\/\/api.w.org\/{rel}","templated":true}]}}