{"id":550,"date":"2017-04-06T10:37:05","date_gmt":"2017-04-06T09:37:05","guid":{"rendered":"http:\/\/188.166.92.234\/siccal\/tratamiento-de-aguas\/per-eliminar-sabors-i-olors\/"},"modified":"2024-06-12T08:50:40","modified_gmt":"2024-06-12T07:50:40","slug":"para-eliminar-sabores-y-olores","status":"publish","type":"page","link":"https:\/\/www.siccal.es\/es\/tratamiento-de-aguas\/para-eliminar-sabores-y-olores\/","title":{"rendered":"Para eliminar sabores y olores"},"content":{"rendered":"<p>[et_pb_section fb_built=\u00bb1&#8243; admin_label=\u00bbsection\u00bb _builder_version=\u00bb4.16&#8243; global_colors_info=\u00bb{}\u00bb][et_pb_row admin_label=\u00bbrow\u00bb _builder_version=\u00bb4.16&#8243; background_size=\u00bbinitial\u00bb background_position=\u00bbtop_left\u00bb background_repeat=\u00bbrepeat\u00bb global_colors_info=\u00bb{}\u00bb][et_pb_column type=\u00bb4_4&#8243; _builder_version=\u00bb4.16&#8243; custom_padding=\u00bb|||\u00bb global_colors_info=\u00bb{}\u00bb custom_padding__hover=\u00bb|||\u00bb][et_pb_post_title meta=\u00bboff\u00bb featured_image=\u00bboff\u00bb admin_label=\u00bbPost Title\u00bb _builder_version=\u00bb3.0.87&#8243; title_font_size=\u00bb32px\u00bb parallax=\u00bbon\u00bb parallax_method=\u00bboff\u00bb custom_css_main_element=\u00bbborder-bottom:5px solid #748fc4;\u00bb custom_css_post_title=\u00bbtext-transform:uppercase;\u00bb parallax_effect=\u00bbon\u00bb use_border_color=\u00bboff\u00bb border_color=\u00bb#3d3d3d\u00bb border_width=\u00bb3px\u00bb border_style=\u00bbgroove\u00bb global_module=\u00bb169&#8243; saved_tabs=\u00bball\u00bb global_colors_info=\u00bb{}\u00bb][\/et_pb_post_title][et_pb_blurb title=\u00bbAgua para beber y cocinar mediante la filtraci\u00f3n de gran densidad a trav\u00e9s de carb\u00f3n activo\u00bb image_icon_width=\u00bbnone\u00bb _builder_version=\u00bb4.16&#8243; header_font=\u00bb|on|||\u00bb background_size=\u00bbinitial\u00bb background_position=\u00bbtop_left\u00bb background_repeat=\u00bbrepeat\u00bb custom_css_blurb_content=\u00bbmax-width:100%;\u00bb border_style=\u00bbsolid\u00bb image_max_width=\u00bbnone\u00bb use_circle=\u00bboff\u00bb use_circle_border=\u00bboff\u00bb global_colors_info=\u00bb{}\u00bb][\/et_pb_blurb][et_pb_text _builder_version=\u00bb4.16&#8243; background_size=\u00bbinitial\u00bb background_position=\u00bbtop_left\u00bb background_repeat=\u00bbrepeat\u00bb module_alignment=\u00bbleft\u00bb border_style=\u00bbsolid\u00bb global_colors_info=\u00bb{}\u00bb]Una vez filtrada el agua a 20 micrones, la micro-filtraci\u00f3n (0.5 micras) con carb\u00f3n activo es muy eficaz para extraer restos de cloro, gustos, olores, bacterias y medicamentos.<\/p>\n<p>Esta filtraci\u00f3n nos aporta un agua muy adecuada para el consumo, gracias sobre todo a que para purificarla no hemos extra\u00eddo ning\u00fan mineral natural, ni me a\u00f1adido ning\u00fan producto qu\u00edmico.<\/p>\n<p>La instalaci\u00f3n de este filtro se realizar\u00e1 all\u00ed donde queramos el suministro (debajo del fregadero, &#8230;) y s\u00f3lo se filtrar\u00e1 el agua destinada al consumo humano.<br \/>\n[\/et_pb_text][et_pb_text _builder_version=\u00bb4.16&#8243; background_size=\u00bbinitial\u00bb background_position=\u00bbtop_left\u00bb background_repeat=\u00bbrepeat\u00bb module_alignment=\u00bbleft\u00bb border_style=\u00bbsolid\u00bb global_colors_info=\u00bb{}\u00bb]<\/p>\n<h5><strong>ESTOS SON ALGUNOS DE LOS FILTROS QUE OFRECEMOS<\/strong><\/h5>\n<p>[\/et_pb_text][\/et_pb_column][\/et_pb_row][et_pb_row _builder_version=\u00bb4.16&#8243; background_size=\u00bbinitial\u00bb background_position=\u00bbtop_left\u00bb background_repeat=\u00bbrepeat\u00bb global_colors_info=\u00bb{}\u00bb column_structure=\u00bb1_3,1_3,1_3&#8243;][et_pb_column type=\u00bb1_3&#8243; _builder_version=\u00bb4.16&#8243; custom_padding=\u00bb|||\u00bb global_colors_info=\u00bb{}\u00bb custom_padding__hover=\u00bb|||\u00bb][et_pb_text _builder_version=\u00bb4.16&#8243; background_size=\u00bbinitial\u00bb background_position=\u00bbtop_left\u00bb background_repeat=\u00bbrepeat\u00bb module_alignment=\u00bbleft\u00bb border_style=\u00bbsolid\u00bb global_colors_info=\u00bb{}\u00bb]<\/p>\n<h2><strong>SICCAL10P<\/strong><\/h2>\n<p>\u00d8 1&#8243;<br \/>\nsin prefiltraci\u00f3n<br \/>\n[\/et_pb_text][\/et_pb_column][et_pb_column type=\u00bb1_3&#8243; _builder_version=\u00bb4.16&#8243; custom_padding=\u00bb|||\u00bb global_colors_info=\u00bb{}\u00bb custom_padding__hover=\u00bb|||\u00bb][et_pb_text _builder_version=\u00bb4.16&#8243; background_size=\u00bbinitial\u00bb background_position=\u00bbtop_left\u00bb background_repeat=\u00bbrepeat\u00bb module_alignment=\u00bbleft\u00bb border_style=\u00bbsolid\u00bb global_colors_info=\u00bb{}\u00bb]<\/p>\n<h2><strong>SICCAL11P<\/strong><\/h2>\n<p>\u00d8 1 \u00bd\u00bb<br \/>\nsin prefiltraci\u00f3n<br \/>\n[\/et_pb_text][\/et_pb_column][et_pb_column type=\u00bb1_3&#8243; _builder_version=\u00bb4.16&#8243; custom_padding=\u00bb|||\u00bb global_colors_info=\u00bb{}\u00bb custom_padding__hover=\u00bb|||\u00bb][et_pb_text _builder_version=\u00bb4.16&#8243; background_size=\u00bbinitial\u00bb background_position=\u00bbtop_left\u00bb background_repeat=\u00bbrepeat\u00bb module_alignment=\u00bbleft\u00bb border_style=\u00bbsolid\u00bb global_colors_info=\u00bb{}\u00bb]<\/p>\n<h2><strong>SICCAL15P<\/strong><\/h2>\n<p>\u00d8 1&#8243;<br \/>\ncon prefiltraci\u00f3n incluida<br \/>\n[\/et_pb_text][\/et_pb_column][\/et_pb_row][et_pb_row _builder_version=\u00bb4.16&#8243; background_size=\u00bbinitial\u00bb background_position=\u00bbtop_left\u00bb background_repeat=\u00bbrepeat\u00bb global_colors_info=\u00bb{}\u00bb column_structure=\u00bb1_3,1_3,1_3&#8243;][et_pb_column type=\u00bb1_3&#8243; _builder_version=\u00bb4.16&#8243; custom_padding=\u00bb|||\u00bb global_colors_info=\u00bb{}\u00bb custom_padding__hover=\u00bb|||\u00bb][et_pb_image src=\u00bbhttp:\/\/188.166.92.234\/siccal\/wp-content\/uploads\/2017\/02\/filtre_10p.png\u00bb align_tablet=\u00bbcenter\u00bb align_last_edited=\u00bbon|desktop\u00bb _builder_version=\u00bb4.16&#8243; animation_style=\u00bbslide\u00bb animation_direction=\u00bbleft\u00bb animation_duration=\u00bb500ms\u00bb animation_intensity_slide=\u00bb10%\u00bb use_border_color=\u00bboff\u00bb border_color=\u00bb#ffffff\u00bb border_style=\u00bbsolid\u00bb animation=\u00bbleft\u00bb sticky=\u00bboff\u00bb always_center_on_mobile=\u00bbon\u00bb global_colors_info=\u00bb{}\u00bb align_phone=\u00bbcenter\u00bb][\/et_pb_image][\/et_pb_column][et_pb_column type=\u00bb1_3&#8243; _builder_version=\u00bb4.16&#8243; custom_padding=\u00bb|||\u00bb global_colors_info=\u00bb{}\u00bb custom_padding__hover=\u00bb|||\u00bb][et_pb_image src=\u00bbhttp:\/\/188.166.92.234\/siccal\/wp-content\/uploads\/2017\/04\/filtre_11p.png\u00bb align_tablet=\u00bbcenter\u00bb align_last_edited=\u00bbon|desktop\u00bb _builder_version=\u00bb4.16&#8243; animation_style=\u00bbslide\u00bb animation_direction=\u00bbleft\u00bb animation_duration=\u00bb500ms\u00bb animation_intensity_slide=\u00bb10%\u00bb use_border_color=\u00bboff\u00bb border_color=\u00bb#ffffff\u00bb border_style=\u00bbsolid\u00bb animation=\u00bbleft\u00bb sticky=\u00bboff\u00bb always_center_on_mobile=\u00bbon\u00bb global_colors_info=\u00bb{}\u00bb align_phone=\u00bbcenter\u00bb][\/et_pb_image][\/et_pb_column][et_pb_column type=\u00bb1_3&#8243; _builder_version=\u00bb4.16&#8243; custom_padding=\u00bb|||\u00bb global_colors_info=\u00bb{}\u00bb custom_padding__hover=\u00bb|||\u00bb][et_pb_image src=\u00bbhttp:\/\/188.166.92.234\/siccal\/wp-content\/uploads\/2017\/04\/filtre_15p.png\u00bb align_tablet=\u00bbcenter\u00bb align_last_edited=\u00bbon|desktop\u00bb _builder_version=\u00bb4.16&#8243; animation_style=\u00bbslide\u00bb animation_direction=\u00bbleft\u00bb animation_duration=\u00bb500ms\u00bb animation_intensity_slide=\u00bb10%\u00bb use_border_color=\u00bboff\u00bb border_color=\u00bb#ffffff\u00bb border_style=\u00bbsolid\u00bb animation=\u00bbleft\u00bb sticky=\u00bboff\u00bb always_center_on_mobile=\u00bbon\u00bb global_colors_info=\u00bb{}\u00bb align_phone=\u00bbcenter\u00bb][\/et_pb_image][\/et_pb_column][\/et_pb_row][et_pb_row _builder_version=\u00bb4.16&#8243; background_size=\u00bbinitial\u00bb background_position=\u00bbtop_left\u00bb background_repeat=\u00bbrepeat\u00bb global_colors_info=\u00bb{}\u00bb column_structure=\u00bb1_3,1_3,1_3&#8243;][et_pb_column type=\u00bb1_3&#8243; _builder_version=\u00bb4.16&#8243; custom_padding=\u00bb|||\u00bb global_colors_info=\u00bb{}\u00bb custom_padding__hover=\u00bb|||\u00bb][et_pb_blurb title=\u00bbDescargar\u00bb url=\u00bbhttp:\/\/188.166.92.234\/siccal\/wp-content\/uploads\/2017\/04\/FITXA-3M-Catal\u00e0.pdf\u00bb use_icon=\u00bbon\u00bb font_icon=\u00bb&#xe071;||divi||400&#8243; icon_placement=\u00bbleft\u00bb _builder_version=\u00bb4.23.4&#8243; background_size=\u00bbinitial\u00bb background_position=\u00bbtop_left\u00bb background_repeat=\u00bbrepeat\u00bb max_width_tablet=\u00bb50px\u00bb hover_enabled=\u00bb0&#8243; border_style=\u00bbsolid\u00bb use_circle=\u00bboff\u00bb use_circle_border=\u00bboff\u00bb global_colors_info=\u00bb{}\u00bb sticky_enabled=\u00bb0&#8243;]<\/p>\n<p><a href=\"https:\/\/www.siccal.es\/wp-content\/uploads\/2017\/04\/G.-Ficha-SICCAL-castellano.pdf\">Ficha SICCAL castellano<\/a><\/p>\n<p>[\/et_pb_blurb][\/et_pb_column][et_pb_column type=\u00bb1_3&#8243; _builder_version=\u00bb4.16&#8243; custom_padding=\u00bb|||\u00bb global_colors_info=\u00bb{}\u00bb custom_padding__hover=\u00bb|||\u00bb][et_pb_blurb title=\u00bbDescargar\u00bb url=\u00bbhttp:\/\/188.166.92.234\/siccal\/wp-content\/uploads\/2017\/04\/3M-Cat\u00e1logo-industrial.pdf\u00bb use_icon=\u00bbon\u00bb font_icon=\u00bb&#xe071;||divi||400&#8243; icon_placement=\u00bbleft\u00bb _builder_version=\u00bb4.23.4&#8243; background_size=\u00bbinitial\u00bb background_position=\u00bbtop_left\u00bb background_repeat=\u00bbrepeat\u00bb max_width_tablet=\u00bb50px\u00bb hover_enabled=\u00bb0&#8243; border_style=\u00bbsolid\u00bb use_circle=\u00bboff\u00bb use_circle_border=\u00bboff\u00bb global_colors_info=\u00bb{}\u00bb sticky_enabled=\u00bb0&#8243;]<\/p>\n<p><a href=\"https:\/\/www.siccal.es\/wp-content\/uploads\/2017\/04\/fa.-Sistema-de-depuraci\u00f3n-de-agua-SICCAL11P-11P.pdf\">Sistema de depuraci\u00f3n de agua SICCAL11P-11P<\/a><\/p>\n<p>[\/et_pb_blurb][\/et_pb_column][et_pb_column type=\u00bb1_3&#8243; _builder_version=\u00bb4.16&#8243; custom_padding=\u00bb|||\u00bb global_colors_info=\u00bb{}\u00bb custom_padding__hover=\u00bb|||\u00bb][et_pb_blurb title=\u00bbDescargar\u00bb url=\u00bbhttp:\/\/188.166.92.234\/siccal\/wp-content\/uploads\/2017\/04\/3M-Cat\u00e1logo-Residencial.pdf\u00bb use_icon=\u00bbon\u00bb font_icon=\u00bb&#xe071;||divi||400&#8243; icon_placement=\u00bbleft\u00bb _builder_version=\u00bb4.23.4&#8243; background_size=\u00bbinitial\u00bb background_position=\u00bbtop_left\u00bb background_repeat=\u00bbrepeat\u00bb max_width_tablet=\u00bb50px\u00bb hover_enabled=\u00bb0&#8243; border_style=\u00bbsolid\u00bb use_circle=\u00bboff\u00bb use_circle_border=\u00bboff\u00bb global_colors_info=\u00bb{}\u00bb sticky_enabled=\u00bb0&#8243;]<\/p>\n<p><a href=\"https:\/\/www.siccal.es\/wp-content\/uploads\/2017\/04\/f.-Sistema-de-depuraci\u00f3n-de-agua-SICCAL15.pdf\">Sistema de depuraci\u00f3n de agua SICCAL15<\/a><\/p>\n<p>[\/et_pb_blurb][\/et_pb_column][\/et_pb_row][\/et_pb_section]<\/p>\n","protected":false},"excerpt":{"rendered":"<p>Una vez filtrada el agua a 20 micrones, la micro-filtraci\u00f3n (0.5 micras) con carb\u00f3n activo es muy eficaz para extraer restos de cloro, gustos, olores, bacterias y medicamentos. Esta filtraci\u00f3n nos aporta un agua muy adecuada para el consumo, gracias sobre todo a que para purificarla no hemos extra\u00eddo ning\u00fan mineral natural, ni me a\u00f1adido [&hellip;]<\/p>\n","protected":false},"author":1,"featured_media":0,"parent":517,"menu_order":0,"comment_status":"closed","ping_status":"closed","template":"","meta":{"_et_pb_use_builder":"on","_et_pb_old_content":"","_et_gb_content_width":"","_exactmetrics_skip_tracking":false,"_exactmetrics_sitenote_active":false,"_exactmetrics_sitenote_note":"","_exactmetrics_sitenote_category":0,"footnotes":""},"_links":{"self":[{"href":"https:\/\/www.siccal.es\/es\/wp-json\/wp\/v2\/pages\/550"}],"collection":[{"href":"https:\/\/www.siccal.es\/es\/wp-json\/wp\/v2\/pages"}],"about":[{"href":"https:\/\/www.siccal.es\/es\/wp-json\/wp\/v2\/types\/page"}],"author":[{"embeddable":true,"href":"https:\/\/www.siccal.es\/es\/wp-json\/wp\/v2\/users\/1"}],"replies":[{"embeddable":true,"href":"https:\/\/www.siccal.es\/es\/wp-json\/wp\/v2\/comments?post=550"}],"version-history":[{"count":6,"href":"https:\/\/www.siccal.es\/es\/wp-json\/wp\/v2\/pages\/550\/revisions"}],"predecessor-version":[{"id":1201,"href":"https:\/\/www.siccal.es\/es\/wp-json\/wp\/v2\/pages\/550\/revisions\/1201"}],"up":[{"embeddable":true,"href":"https:\/\/www.siccal.es\/es\/wp-json\/wp\/v2\/pages\/517"}],"wp:attachment":[{"href":"https:\/\/www.siccal.es\/es\/wp-json\/wp\/v2\/media?parent=550"}],"curies":[{"name":"wp","href":"https:\/\/api.w.org\/{rel}","templated":true}]}}