{"id":547,"date":"2017-04-06T10:16:53","date_gmt":"2017-04-06T09:16:53","guid":{"rendered":"http:\/\/188.166.92.234\/siccal\/tratamiento-de-aguas\/per-eliminar-microorganismes\/"},"modified":"2024-06-12T08:39:02","modified_gmt":"2024-06-12T07:39:02","slug":"para-eliminar-microorganismos","status":"publish","type":"page","link":"https:\/\/www.siccal.es\/es\/tratamiento-de-aguas\/para-eliminar-microorganismos\/","title":{"rendered":"Para eliminar microorganismos"},"content":{"rendered":"<p>[et_pb_section fb_built=\u00bb1&#8243; admin_label=\u00bbsection\u00bb _builder_version=\u00bb4.16&#8243; transparent_background=\u00bboff\u00bb make_fullwidth=\u00bboff\u00bb use_custom_width=\u00bboff\u00bb width_unit=\u00bboff\u00bb custom_width_px=\u00bb1080px\u00bb custom_width_percent=\u00bb80%\u00bb global_colors_info=\u00bb{}\u00bb][et_pb_row admin_label=\u00bbrow\u00bb _builder_version=\u00bb4.16&#8243; background_size=\u00bbinitial\u00bb background_position=\u00bbtop_left\u00bb background_repeat=\u00bbrepeat\u00bb make_fullwidth=\u00bboff\u00bb use_custom_width=\u00bboff\u00bb width_unit=\u00bboff\u00bb custom_width_px=\u00bb1080px\u00bb custom_width_percent=\u00bb80%\u00bb global_colors_info=\u00bb{}\u00bb][et_pb_column type=\u00bb4_4&#8243; _builder_version=\u00bb4.16&#8243; custom_padding=\u00bb|||\u00bb global_colors_info=\u00bb{}\u00bb custom_padding__hover=\u00bb|||\u00bb][et_pb_post_title meta=\u00bboff\u00bb featured_image=\u00bboff\u00bb admin_label=\u00bbPost Title\u00bb _builder_version=\u00bb3.0.87&#8243; title_font_size=\u00bb32px\u00bb parallax=\u00bbon\u00bb parallax_method=\u00bboff\u00bb custom_css_main_element=\u00bbborder-bottom:5px solid #748fc4;\u00bb custom_css_post_title=\u00bbtext-transform:uppercase;\u00bb parallax_effect=\u00bbon\u00bb use_border_color=\u00bboff\u00bb border_color=\u00bb#3d3d3d\u00bb border_width=\u00bb3px\u00bb border_style=\u00bbgroove\u00bb global_module=\u00bb169&#8243; saved_tabs=\u00bball\u00bb global_colors_info=\u00bb{}\u00bb][\/et_pb_post_title][et_pb_blurb title=\u00bbAguas de pozos o estancadas \u00fatiles para el consumo humano mediante filtraci\u00f3n ultravioleta\u00bb image_icon_width=\u00bbnone\u00bb _builder_version=\u00bb4.16&#8243; header_font=\u00bb|on|||\u00bb background_size=\u00bbinitial\u00bb background_position=\u00bbtop_left\u00bb background_repeat=\u00bbrepeat\u00bb text_orientation=\u00bbcenter\u00bb custom_css_blurb_content=\u00bbmax-width:100%;\u00bb border_style=\u00bbsolid\u00bb image_max_width=\u00bbnone\u00bb use_circle=\u00bboff\u00bb use_circle_border=\u00bboff\u00bb global_colors_info=\u00bb{}\u00bb][\/et_pb_blurb][et_pb_text _builder_version=\u00bb4.16&#8243; background_size=\u00bbinitial\u00bb background_position=\u00bbtop_left\u00bb background_repeat=\u00bbrepeat\u00bb border_style=\u00bbsolid\u00bb global_colors_info=\u00bb{}\u00bb]Los filtros de SICCAL pueden <strong>potabilizar el agua de lluvia, de pozos, fuentes, dep\u00f3sitos<\/strong> &#8230; para ser utilizada por el suministro general de la casa, elaboraciones culinarias, acuarios, lavado de alimentos &#8230;<\/p>\n<p>Esta tecnolog\u00eda <strong>desinfecta el agua<\/strong> garantizando la eliminaci\u00f3n de la legionela, microbios, bacterias, virus y protozoos, respetando el medio ambiente. Es el m\u00e9todo ideal para eliminar <strong>los microorganismos del agua, potabilizarla biol\u00f3gicamente.<\/strong><br \/>\n[\/et_pb_text][et_pb_image src=\u00bbhttp:\/\/188.166.92.234\/siccal\/wp-content\/uploads\/2017\/04\/UV-2100-BIEZ.jpg\u00bb align=\u00bbcenter\u00bb align_tablet=\u00bbcenter\u00bb align_last_edited=\u00bbon|desktop\u00bb _builder_version=\u00bb4.16&#8243; max_width=\u00bb200px\u00bb animation_style=\u00bbslide\u00bb animation_direction=\u00bbleft\u00bb animation_duration=\u00bb500ms\u00bb animation_intensity_slide=\u00bb10%\u00bb use_border_color=\u00bboff\u00bb border_color=\u00bb#ffffff\u00bb border_style=\u00bbsolid\u00bb animation=\u00bbleft\u00bb sticky=\u00bboff\u00bb always_center_on_mobile=\u00bbon\u00bb global_colors_info=\u00bb{}\u00bb align_phone=\u00bbcenter\u00bb][\/et_pb_image][et_pb_blurb title=\u00bbDescarga la ficha con informaci\u00f3n de los Filtros de Luz Ultravioleta\u00bb url=\u00bbhttp:\/\/188.166.92.234\/siccal\/wp-content\/uploads\/2017\/04\/FILTRES-SICCAL-ULTRAVIOLATS.pdf\u00bb url_new_window=\u00bbon\u00bb use_icon=\u00bbon\u00bb font_icon=\u00bb&#xe071;||divi||400&#8243; icon_placement=\u00bbleft\u00bb _builder_version=\u00bb4.23.4&#8243; background_size=\u00bbinitial\u00bb background_position=\u00bbtop_left\u00bb background_repeat=\u00bbrepeat\u00bb hover_enabled=\u00bb0&#8243; border_style=\u00bbsolid\u00bb image_max_width=\u00bbnone\u00bb use_circle=\u00bboff\u00bb use_circle_border=\u00bboff\u00bb global_colors_info=\u00bb{}\u00bb sticky_enabled=\u00bb0&#8243;]<\/p>\n<p><a href=\"https:\/\/www.siccal.es\/wp-content\/uploads\/2017\/04\/FILTRES-SICCAL-ULTRAVIOLATS.pdf\">FILTRES SICCAL &#8211; ULTRAVIOLATS.pdf<\/a> Documento Adobe Acrobat [101.6 KB]<\/p>\n<p>[\/et_pb_blurb][\/et_pb_column][\/et_pb_row][\/et_pb_section]<\/p>\n","protected":false},"excerpt":{"rendered":"<p>Los filtros de SICCAL pueden potabilizar el agua de lluvia, de pozos, fuentes, dep\u00f3sitos &#8230; para ser utilizada por el suministro general de la casa, elaboraciones culinarias, acuarios, lavado de alimentos &#8230; Esta tecnolog\u00eda desinfecta el agua garantizando la eliminaci\u00f3n de la legionela, microbios, bacterias, virus y protozoos, respetando el medio ambiente. Es el m\u00e9todo [&hellip;]<\/p>\n","protected":false},"author":1,"featured_media":0,"parent":517,"menu_order":0,"comment_status":"closed","ping_status":"closed","template":"","meta":{"_et_pb_use_builder":"on","_et_pb_old_content":"","_et_gb_content_width":"","_exactmetrics_skip_tracking":false,"_exactmetrics_sitenote_active":false,"_exactmetrics_sitenote_note":"","_exactmetrics_sitenote_category":0,"footnotes":""},"_links":{"self":[{"href":"https:\/\/www.siccal.es\/es\/wp-json\/wp\/v2\/pages\/547"}],"collection":[{"href":"https:\/\/www.siccal.es\/es\/wp-json\/wp\/v2\/pages"}],"about":[{"href":"https:\/\/www.siccal.es\/es\/wp-json\/wp\/v2\/types\/page"}],"author":[{"embeddable":true,"href":"https:\/\/www.siccal.es\/es\/wp-json\/wp\/v2\/users\/1"}],"replies":[{"embeddable":true,"href":"https:\/\/www.siccal.es\/es\/wp-json\/wp\/v2\/comments?post=547"}],"version-history":[{"count":4,"href":"https:\/\/www.siccal.es\/es\/wp-json\/wp\/v2\/pages\/547\/revisions"}],"predecessor-version":[{"id":1200,"href":"https:\/\/www.siccal.es\/es\/wp-json\/wp\/v2\/pages\/547\/revisions\/1200"}],"up":[{"embeddable":true,"href":"https:\/\/www.siccal.es\/es\/wp-json\/wp\/v2\/pages\/517"}],"wp:attachment":[{"href":"https:\/\/www.siccal.es\/es\/wp-json\/wp\/v2\/media?parent=547"}],"curies":[{"name":"wp","href":"https:\/\/api.w.org\/{rel}","templated":true}]}}